{"id":762,"date":"2025-08-21T03:39:31","date_gmt":"2025-08-21T03:39:31","guid":{"rendered":"https:\/\/crunchyorchard.com\/a-propos\/"},"modified":"2026-03-19T02:17:46","modified_gmt":"2026-03-19T02:17:46","slug":"a-propos","status":"publish","type":"page","link":"https:\/\/crunchyorchard.com\/fr\/a-propos\/","title":{"rendered":"\u00c0 propos"},"content":{"rendered":"\n<div class=\"wp-block-uagb-container uagb-block-bea5283e alignfull uagb-is-root-container\"><div class=\"uagb-container-inner-blocks-wrap\">\n<div class=\"wp-block-uagb-advanced-heading uagb-block-fc6aaff1\"><h1 class=\"uagb-heading-text\">\u00c0 propos<\/h1><\/div>\n<\/div><\/div>\n\n<div class=\"wp-block-uagb-container uagb-block-4ad07b0b alignfull uagb-is-root-container\"><div class=\"uagb-container-inner-blocks-wrap\">\n<div class=\"wp-block-uagb-container uagb-block-dde14a08\">\n<div class=\"wp-block-uagb-advanced-heading uagb-block-819b66ad\"><h2 class=\"uagb-heading-text\">Du verger au croustillant : La naissance de Crunchy Orchard <\/h2><\/div>\n<\/div>\n\n\n\n<div class=\"wp-block-uagb-container uagb-block-9276b384\">\n<div class=\"wp-block-uagb-info-box uagb-block-d2c339f6 uagb-infobox__content-wrap  uagb-infobox-icon-above-title uagb-infobox-image-valign-top\"><div class=\"uagb-ifb-content\"><div class=\"uagb-ifb-title-wrap\"><h6 class=\"uagb-ifb-title-prefix\">NOTRE HISTOIRE<\/h6><h5 class=\"uagb-ifb-title\">De la ferme \u00e0 votre table<\/h5><\/div><p class=\"uagb-ifb-desc\">Crunchy Orchard a commenc\u00e9 comme un simple r\u00eave partag\u00e9 autour de la table familiale de la cuisine : cr\u00e9er la collation sant\u00e9 parfaite qui ne fait jamais de compromis sur le go\u00fbt. Ce qui a commenc\u00e9 comme des exp\u00e9riences de fin de semaine avec des techniques de lyophilisation s\u2019est transform\u00e9 en une entreprise passionn\u00e9e qui c\u00e9l\u00e8bre l\u2019essence pure des fruits.<br\/>Notre parcours a commenc\u00e9 lorsque nous avons d\u00e9couvert l\u2019incroyable potentiel de la technologie de lyophilisation pour capturer les saveurs de la nature \u00e0 leur apog\u00e9e. Contrairement aux m\u00e9thodes traditionnelles de s\u00e9chage, notre proc\u00e9d\u00e9 pr\u00e9serve le go\u00fbt \u00e9clatant, les nutriments essentiels et le croquant satisfaisant qui rendent chaque bouch\u00e9e agr\u00e9able.<br\/>Aujourd\u2019hui, en tant qu\u2019entreprise familiale canadienne fi\u00e8re, nous continuons d\u2019honorer nos principes fondateurs : saveurs authentiques, qualit\u00e9 sans compromis, et la conviction que manger sainement doit \u00eatre un plaisir, et non un compromis. Chaque paquet de Crunchy Orchard porte notre engagement \u00e0 vous offrir le meilleur de la nature, une bouch\u00e9e parfaitement croquante \u00e0 la fois.<\/p><\/div><\/div>\n<\/div>\n\n\n\n<div class=\"wp-block-uagb-separator uagb-block-5f83295c\"><div class=\"wp-block-uagb-separator__inner\" style=\"--my-background-image:\"><\/div><\/div>\n\n\n\n<div class=\"wp-block-uagb-info-box uagb-block-ec65eac1 uagb-infobox__content-wrap  uagb-infobox-icon-above-title uagb-infobox-image-valign-top\"><div class=\"uagb-ifb-content\"><div class=\"uagb-ifb-title-wrap\"><h6 class=\"uagb-ifb-title-prefix\">ASSURANCE QUALIT\u00c9<\/h6><h2 class=\"uagb-ifb-title\">L\u2019excellence dans chaque d\u00e9tail croustillant<\/h2><\/div><p class=\"uagb-ifb-desc\">Chez Crunchy Orchard, la qualit\u00e9 n\u2019est pas qu\u2019une promesse \u2013 c\u2019est notre obsession. Notre processus rigoureux d\u2019assurance qualit\u00e9 commence par une s\u00e9lection minutieuse des fruits haut de gamme \u00e0 leur maturit\u00e9 optimale, assurant une saveur et une valeur nutritionnelle maximales dans chaque pi\u00e8ce.<br\/>Notre installation de lyophilisation ultramoderne fonctionne selon des protocoles stricts de s\u00e9curit\u00e9 alimentaire, avec une surveillance continue \u00e0 chaque \u00e9tape de la production. Chaque lot subit des tests complets pour la teneur en humidit\u00e9, la consistance de la texture et le profil de saveur afin de r\u00e9pondre \u00e0 nos normes rigoureuses.<br\/>De la ferme \u00e0 l\u2019emballage, nous maintenons une tra\u00e7abilit\u00e9 compl\u00e8te de nos ingr\u00e9dients. Nos installations sont r\u00e9guli\u00e8rement inspect\u00e9es et certifi\u00e9es, et nous respectons fi\u00e8rement toutes les r\u00e8glementations canadiennes sur la s\u00e9curit\u00e9 alimentaire. Parce que lorsque vous choisissez Crunchy Orchard, vous choisissez un produit con\u00e7u avec une attention m\u00e9ticuleuse aux d\u00e9tails et un engagement ind\u00e9fectible envers l\u2019excellence.<br\/><strong>Votre satisfaction est notre garantie de qualit\u00e9.<\/strong><\/p><\/div><\/div>\n<\/div><\/div>\n\n<div class=\"wp-block-uagb-container uagb-block-03daffa8 alignfull uagb-is-root-container\">\n<div class=\"wp-block-uagb-info-box uagb-block-3625f0bd uagb-infobox__content-wrap  uagb-infobox-icon-above-title uagb-infobox-image-valign-top\"><div class=\"uagb-ifb-content\"><div class=\"uagb-ifb-title-wrap\"><h6 class=\"uagb-ifb-title-prefix\">Approche centr\u00e9e sur le client<\/h6><h2 class=\"uagb-ifb-title\">Votre exp\u00e9rience est notre priorit\u00e9<\/h2><\/div><p class=\"uagb-ifb-desc\">Chez Crunchy Orchard, chaque d\u00e9cision que nous prenons commence par une question simple : \u00ab Comment cela profite-t-il \u00e0 nos clients? \u00bb Cette philosophie guide tout, de notre d\u00e9veloppement produit \u00e0 notre approche du service \u00e0 la client\u00e8le.<br\/>Nous croyons en la construction de relations durables, pas seulement en la vente. Notre \u00e9quipe de service \u00e0 la client\u00e8le d\u00e9vou\u00e9e est toujours pr\u00eate \u00e0 r\u00e9pondre aux questions, fournir des informations nutritionnelles ou vous aider \u00e0 d\u00e9couvrir de nouvelles saveurs qui correspondent \u00e0 vos pr\u00e9f\u00e9rences. Nous \u00e9coutons activement vos commentaires et les utilisons pour am\u00e9liorer continuellement nos produits et services.<br\/>Que vous soyez un parent soucieux de votre sant\u00e9 \u00e0 la recherche de collations nutritives pour votre famille, un passionn\u00e9 de fitness \u00e0 la recherche d\u2019une \u00e9nergie propre, ou simplement quelqu\u2019un qui appr\u00e9cie un go\u00fbt exceptionnel, nous sommes l\u00e0 pour garantir que votre exp\u00e9rience Crunchy Orchard d\u00e9passe les attentes.<br\/><strong>Parce que les clients satisfaits ne sont pas seulement notre objectif \u2013 ils sont notre famille.<\/strong><\/p><\/div><\/div>\n<\/div>\n\n<div class=\"wp-block-uagb-container uagb-block-29842745 alignfull uagb-is-root-container\"><div class=\"uagb-container-inner-blocks-wrap\">\n<div class=\"wp-block-uagb-info-box uagb-block-2554c78b uagb-infobox__content-wrap  uagb-infobox-icon-above-title uagb-infobox-image-valign-top\"><div class=\"uagb-ifb-content\"><div class=\"uagb-ifb-title-wrap\"><h6 class=\"uagb-ifb-title-prefix\">Initiatives de durabilit\u00e9<\/h6><h2 class=\"uagb-ifb-title\">Prendre soin de la nature, un sachet \u00e0 la fois<\/h2><\/div><\/div><\/div>\n\n\n\n<div class=\"wp-block-uagb-container uagb-block-2bc90d6f\">\n<div class=\"wp-block-uagb-advanced-heading uagb-block-9f1ae72a\"><h5 class=\"uagb-heading-text\">Des choix durables pour un avenir meilleur.<\/h5><\/div>\n\n\n\n<div class=\"wp-block-uagb-info-box uagb-block-71da6051 uagb-infobox__content-wrap  uagb-infobox-icon-above-title uagb-infobox-image-valign-top\"><div class=\"uagb-ifb-content\"><div class=\"uagb-ifb-title-wrap\"><\/div><p class=\"uagb-ifb-desc\">La durabilit\u00e9 n\u2019est pas une pens\u00e9e secondaire chez Crunchy Orchard \u2013 elle fait partie int\u00e9grante du tissu de ce que nous sommes. Nous reconnaissons notre responsabilit\u00e9 de prot\u00e9ger l\u2019environnement qui nous offre une telle abondance naturelle incroyable.<br\/>Notre proc\u00e9d\u00e9 de lyophilisation est intrins\u00e8quement plus durable que les m\u00e9thodes traditionnelles de conservation, ne n\u00e9cessitant aucun additif chimique et r\u00e9duisant consid\u00e9rablement le gaspillage alimentaire en prolongeant la dur\u00e9e de conservation. Nous collaborons exclusivement avec des agriculteurs pratiquant une agriculture durable, soutenant la biodiversit\u00e9 et la sant\u00e9 des sols.<br\/>Notre engagement d\u2019emballage vise \u00e0 minimiser l\u2019impact environnemental tout en maintenant la fra\u00eecheur du produit. Nous explorons continuellement des solutions d\u2019emballage \u00e9cologiques et avons mis en place des programmes de recyclage complets dans toute notre installation.<br\/>En regardant vers l\u2019avenir, nous investissons dans des sources d\u2019\u00e9nergie renouvelable pour notre installation de production et travaillons \u00e0 des op\u00e9rations carboneutres. Parce que nous croyons que prendre soin de notre plan\u00e8te aujourd\u2019hui permet aux g\u00e9n\u00e9rations futures de continuer \u00e0 profiter des d\u00e9licieux cadeaux de la nature.<\/p><\/div><\/div>\n<\/div>\n<\/div><\/div>\n","protected":false},"excerpt":{"rendered":"<p>\u00c0 propos Du verger au croustillant : La naissance de Crunchy Orchard Des choix durables pour un avenir meilleur.<\/p>\n","protected":false},"author":1,"featured_media":0,"parent":0,"menu_order":0,"comment_status":"closed","ping_status":"closed","template":"","meta":{"_uag_custom_page_level_css":"","site-sidebar-layout":"default","site-content-layout":"","ast-site-content-layout":"default","site-content-style":"default","site-sidebar-style":"default","ast-global-header-display":"","ast-banner-title-visibility":"","ast-main-header-display":"","ast-hfb-above-header-display":"","ast-hfb-below-header-display":"","ast-hfb-mobile-header-display":"","site-post-title":"disabled","ast-breadcrumbs-content":"","ast-featured-img":"","footer-sml-layout":"","ast-disable-related-posts":"","theme-transparent-header-meta":"enabled","adv-header-id-meta":"","stick-header-meta":"","header-above-stick-meta":"","header-main-stick-meta":"","header-below-stick-meta":"","astra-migrate-meta-layouts":"default","ast-page-background-enabled":"default","ast-page-background-meta":{"desktop":{"background-color":"var(--ast-global-color-4)","background-image":"","background-repeat":"repeat","background-position":"center center","background-size":"auto","background-attachment":"scroll","background-type":"","background-media":"","overlay-type":"","overlay-color":"","overlay-opacity":"","overlay-gradient":""},"tablet":{"background-color":"","background-image":"","background-repeat":"repeat","background-position":"center center","background-size":"auto","background-attachment":"scroll","background-type":"","background-media":"","overlay-type":"","overlay-color":"","overlay-opacity":"","overlay-gradient":""},"mobile":{"background-color":"","background-image":"","background-repeat":"repeat","background-position":"center center","background-size":"auto","background-attachment":"scroll","background-type":"","background-media":"","overlay-type":"","overlay-color":"","overlay-opacity":"","overlay-gradient":""}},"ast-content-background-meta":{"desktop":{"background-color":"var(--ast-global-color-5)","background-image":"","background-repeat":"repeat","background-position":"center center","background-size":"auto","background-attachment":"scroll","background-type":"","background-media":"","overlay-type":"","overlay-color":"","overlay-opacity":"","overlay-gradient":""},"tablet":{"background-color":"var(--ast-global-color-5)","background-image":"","background-repeat":"repeat","background-position":"center center","background-size":"auto","background-attachment":"scroll","background-type":"","background-media":"","overlay-type":"","overlay-color":"","overlay-opacity":"","overlay-gradient":""},"mobile":{"background-color":"var(--ast-global-color-5)","background-image":"","background-repeat":"repeat","background-position":"center center","background-size":"auto","background-attachment":"scroll","background-type":"","background-media":"","overlay-type":"","overlay-color":"","overlay-opacity":"","overlay-gradient":""}},"footnotes":""},"class_list":["post-762","page","type-page","status-publish","hentry"],"_hostinger_reach_plugin_has_subscription_block":false,"_hostinger_reach_plugin_is_elementor":false,"uagb_featured_image_src":{"full":false,"thumbnail":false,"medium":false,"medium_large":false,"large":false,"1536x1536":false,"2048x2048":false,"woocommerce_thumbnail":false,"woocommerce_single":false,"woocommerce_gallery_thumbnail":false},"uagb_author_info":{"display_name":"Patrick Dupuis","author_link":"https:\/\/crunchyorchard.com\/fr\/author\/praxiumstrategiesoutlook-com\/"},"uagb_comment_info":0,"uagb_excerpt":"\u00c0 propos Du verger au croustillant : La naissance de Crunchy Orchard Des choix durables pour un avenir meilleur.","_links":{"self":[{"href":"https:\/\/crunchyorchard.com\/fr\/wp-json\/wp\/v2\/pages\/762","targetHints":{"allow":["GET"]}}],"collection":[{"href":"https:\/\/crunchyorchard.com\/fr\/wp-json\/wp\/v2\/pages"}],"about":[{"href":"https:\/\/crunchyorchard.com\/fr\/wp-json\/wp\/v2\/types\/page"}],"author":[{"embeddable":true,"href":"https:\/\/crunchyorchard.com\/fr\/wp-json\/wp\/v2\/users\/1"}],"replies":[{"embeddable":true,"href":"https:\/\/crunchyorchard.com\/fr\/wp-json\/wp\/v2\/comments?post=762"}],"version-history":[{"count":9,"href":"https:\/\/crunchyorchard.com\/fr\/wp-json\/wp\/v2\/pages\/762\/revisions"}],"predecessor-version":[{"id":1431,"href":"https:\/\/crunchyorchard.com\/fr\/wp-json\/wp\/v2\/pages\/762\/revisions\/1431"}],"wp:attachment":[{"href":"https:\/\/crunchyorchard.com\/fr\/wp-json\/wp\/v2\/media?parent=762"}],"curies":[{"name":"wp","href":"https:\/\/api.w.org\/{rel}","templated":true}]}}