{"id":535,"date":"2025-12-07T01:49:50","date_gmt":"2025-12-07T01:49:50","guid":{"rendered":"https:\/\/crunchyorchard.com\/?post_type=product&#038;p=535"},"modified":"2026-01-31T02:40:52","modified_gmt":"2026-01-31T02:40:52","slug":"freeze-dried-banana-slices-110g","status":"publish","type":"product","link":"https:\/\/crunchyorchard.com\/fr\/product\/freeze-dried-banana-slices-110g\/","title":{"rendered":"Banane en tranches lyophilis\u00e9es \u2013 110g"},"content":{"rendered":"<h2>Parfaitement pr\u00e9serv\u00e9es pour une collation \u00e0 tout moment<\/h2>\n<p>Profite de toute la bont\u00e9 naturelle de la banane avec nos tranches de banane lyophilis\u00e9es \u2013 110 g. Soigneusement s\u00e9lectionn\u00e9es et pr\u00e9serv\u00e9es gr\u00e2ce \u00e0 des techniques avanc\u00e9es de lyophilisation, ces tranches de banane conservent leur saveur, leur texture et leurs nutriments, pour t\u2019offrir \u00e0 chaque bouch\u00e9e le parfait \u00e9quilibre entre go\u00fbt et praticit\u00e9. Que tu partes en randonn\u00e9e, en voyage, ou que tu profites simplement d\u2019une soir\u00e9e tranquille \u00e0 la maison, ces tranches de banane sont une collation l\u00e9g\u00e8re et saine qui s\u2019int\u00e8gre parfaitement \u00e0 ton quotidien.<\/p>\n<h2>100% naturel et rempli de bienfaits<\/h2>\n<p>Nos tranches de banane lyophilis\u00e9es sont con\u00e7ues dans le respect de la nature: aucun sucre ajout\u00e9, aucun conservateur ni ingr\u00e9dient artificiel. Riches en vitamines essentielles comme la B6 et la C, en fibres alimentaires et en potassium, ce n\u2019est pas qu\u2019une g\u00e2terie: c\u2019est un aliment fonctionnel pens\u00e9 pour soutenir ta sant\u00e9. Faibles en gras et en calories mais riches en douceur naturelle et en \u00e9nergie, ces tranches conviennent autant aux adultes qu\u2019aux enfants qui veulent une collation nourrissante. Parfaites pour les vies bien remplies, elles s\u2019ajoutent facilement \u00e0 tes smoothies, c\u00e9r\u00e9ales, desserts ou bols d\u00e9jeuner sur le pouce.<\/p>\n<h2>L\u00e9g\u00e8res, durables et ultra polyvalentes<\/h2>\n<p>Les aliments lyophilis\u00e9s sont champions de la longue conservation, et nos tranches de banane ne font pas exception. Avec 110 g par sachet et une dur\u00e9e de conservation prolong\u00e9e, elles sont parfaites pour le garde\u2011manger ou \u00e0 glisser dans ton sac avant ta prochaine aventure. Leur texture croquante et l\u00e9g\u00e8re en fait une option irr\u00e9sistible pour les campeurs, randonneurs ou toute personne qui veut une collation nutritive sans sacrifier l\u2019espace ni le poids. Des adeptes du gym aux pros de bureau, ces tranches s\u2019adaptent sans effort \u00e0 ta routine.<\/p>\n<p>Fais monter d\u2019un niveau tes collations avec nos tranches de banane lyophilis\u00e9es \u2013 110 g. Chaque sachet offre un pur go\u00fbt de banane, avec en bonus la polyvalence, la valeur nutritive et la praticit\u00e9. Pourquoi te contenter de collations sucr\u00e9es et ultra transform\u00e9es quand tu peux choisir une option \u00e0 la fois satisfaisante et saine? Commande ton sachet d\u00e8s aujourd\u2019hui!<\/p>\n<p>\u2713 Sans sucre ajout\u00e9<br \/>\n\u2713 98% des nutriments pr\u00e9serv\u00e9s<br \/>\n\u2713 Sans gluten<br \/>\n\u2713 V\u00e9gan<br \/>\n\u2713 Sans OGM<br \/>\n\u2713 Fait au Canada<\/p>\n","protected":false},"excerpt":{"rendered":"<p>Parfaitement pr\u00e9serv\u00e9es pour une collation \u00e0 tout moment Profite de toute la bont\u00e9 naturelle de la banane avec nos tranches [&hellip;]<\/p>\n","protected":false},"featured_media":1066,"comment_status":"open","ping_status":"closed","template":"","meta":{"_uag_custom_page_level_css":"","site-sidebar-layout":"default","site-content-layout":"","ast-site-content-layout":"default","site-content-style":"default","site-sidebar-style":"default","ast-global-header-display":"","ast-banner-title-visibility":"","ast-main-header-display":"","ast-hfb-above-header-display":"","ast-hfb-below-header-display":"","ast-hfb-mobile-header-display":"","site-post-title":"","ast-breadcrumbs-content":"","ast-featured-img":"","footer-sml-layout":"","ast-disable-related-posts":"","theme-transparent-header-meta":"default","adv-header-id-meta":"","stick-header-meta":"","header-above-stick-meta":"","header-main-stick-meta":"","header-below-stick-meta":"","astra-migrate-meta-layouts":"set","ast-page-background-enabled":"default","ast-page-background-meta":{"desktop":{"background-color":"var(--ast-global-color-4)","background-image":"","background-repeat":"repeat","background-position":"center center","background-size":"auto","background-attachment":"scroll","background-type":"","background-media":"","overlay-type":"","overlay-color":"","overlay-opacity":"","overlay-gradient":""},"tablet":{"background-color":"","background-image":"","background-repeat":"repeat","background-position":"center center","background-size":"auto","background-attachment":"scroll","background-type":"","background-media":"","overlay-type":"","overlay-color":"","overlay-opacity":"","overlay-gradient":""},"mobile":{"background-color":"","background-image":"","background-repeat":"repeat","background-position":"center center","background-size":"auto","background-attachment":"scroll","background-type":"","background-media":"","overlay-type":"","overlay-color":"","overlay-opacity":"","overlay-gradient":""}},"ast-content-background-meta":{"desktop":{"background-color":"var(--ast-global-color-5)","background-image":"","background-repeat":"repeat","background-position":"center center","background-size":"auto","background-attachment":"scroll","background-type":"","background-media":"","overlay-type":"","overlay-color":"","overlay-opacity":"","overlay-gradient":""},"tablet":{"background-color":"var(--ast-global-color-5)","background-image":"","background-repeat":"repeat","background-position":"center center","background-size":"auto","background-attachment":"scroll","background-type":"","background-media":"","overlay-type":"","overlay-color":"","overlay-opacity":"","overlay-gradient":""},"mobile":{"background-color":"var(--ast-global-color-5)","background-image":"","background-repeat":"repeat","background-position":"center center","background-size":"auto","background-attachment":"scroll","background-type":"","background-media":"","overlay-type":"","overlay-color":"","overlay-opacity":"","overlay-gradient":""}},"wds_primary_product_brand":0,"wds_primary_product_cat":0},"product_brand":[],"product_cat":[66,67,65],"product_tag":[],"class_list":{"0":"post-535","1":"product","2":"type-product","3":"status-publish","4":"has-post-thumbnail","6":"product_cat-collations-familiales","7":"product_cat-collations-sante-canada","8":"product_cat-non-categorise","9":"product_shipping_class-petits-sachets","10":"desktop-align-center","11":"tablet-align-center","12":"mobile-align-center","14":"first","15":"instock","16":"sale","17":"shipping-taxable","18":"purchasable","19":"product-type-simple"},"uagb_featured_image_src":{"full":["https:\/\/crunchyorchard.com\/wp-content\/uploads\/2025\/12\/banane1c.jpg",1500,1500,false],"thumbnail":["https:\/\/crunchyorchard.com\/wp-content\/uploads\/2025\/12\/banane1c-150x150.jpg",150,150,true],"medium":["https:\/\/crunchyorchard.com\/wp-content\/uploads\/2025\/12\/banane1c-300x300.jpg",300,300,true],"medium_large":["https:\/\/crunchyorchard.com\/wp-content\/uploads\/2025\/12\/banane1c-768x768.jpg",768,768,true],"large":["https:\/\/crunchyorchard.com\/wp-content\/uploads\/2025\/12\/banane1c-1024x1024.jpg",1024,1024,true],"1536x1536":["https:\/\/crunchyorchard.com\/wp-content\/uploads\/2025\/12\/banane1c.jpg",1500,1500,false],"2048x2048":["https:\/\/crunchyorchard.com\/wp-content\/uploads\/2025\/12\/banane1c.jpg",1500,1500,false],"woocommerce_thumbnail":["https:\/\/crunchyorchard.com\/wp-content\/uploads\/2025\/12\/banane1c-300x300.jpg",300,300,true],"woocommerce_single":["https:\/\/crunchyorchard.com\/wp-content\/uploads\/2025\/12\/banane1c-600x600.jpg",600,600,true],"woocommerce_gallery_thumbnail":["https:\/\/crunchyorchard.com\/wp-content\/uploads\/2025\/12\/banane1c-100x100.jpg",100,100,true]},"uagb_author_info":{"display_name":"William Blanchette","author_link":"https:\/\/crunchyorchard.com\/fr\/author\/"},"uagb_comment_info":0,"uagb_excerpt":"Parfaitement pr\u00e9serv\u00e9es pour une collation \u00e0 tout moment Profite de toute la bont\u00e9 naturelle de la banane avec nos tranches [&hellip;]","_links":{"self":[{"href":"https:\/\/crunchyorchard.com\/fr\/wp-json\/wp\/v2\/product\/535","targetHints":{"allow":["GET"]}}],"collection":[{"href":"https:\/\/crunchyorchard.com\/fr\/wp-json\/wp\/v2\/product"}],"about":[{"href":"https:\/\/crunchyorchard.com\/fr\/wp-json\/wp\/v2\/types\/product"}],"replies":[{"embeddable":true,"href":"https:\/\/crunchyorchard.com\/fr\/wp-json\/wp\/v2\/comments?post=535"}],"wp:featuredmedia":[{"embeddable":true,"href":"https:\/\/crunchyorchard.com\/fr\/wp-json\/wp\/v2\/media\/1066"}],"wp:attachment":[{"href":"https:\/\/crunchyorchard.com\/fr\/wp-json\/wp\/v2\/media?parent=535"}],"wp:term":[{"taxonomy":"product_brand","embeddable":true,"href":"https:\/\/crunchyorchard.com\/fr\/wp-json\/wp\/v2\/product_brand?post=535"},{"taxonomy":"product_cat","embeddable":true,"href":"https:\/\/crunchyorchard.com\/fr\/wp-json\/wp\/v2\/product_cat?post=535"},{"taxonomy":"product_tag","embeddable":true,"href":"https:\/\/crunchyorchard.com\/fr\/wp-json\/wp\/v2\/product_tag?post=535"}],"curies":[{"name":"wp","href":"https:\/\/api.w.org\/{rel}","templated":true}]}}