{"id":757,"date":"2025-08-21T04:30:27","date_gmt":"2025-08-21T04:30:27","guid":{"rendered":"https:\/\/crunchyorchard.com\/product\/tranches-de-fraises-lyophilisees-50-g\/"},"modified":"2025-08-21T04:30:27","modified_gmt":"2025-08-21T04:30:27","slug":"tranches-de-fraises-lyophilisees-50-g","status":"publish","type":"product","link":"https:\/\/crunchyorchard.com\/fr\/product\/tranches-de-fraises-lyophilisees-50-g\/","title":{"rendered":"Tranches de fraises lyophilis\u00e9es \u2013 50 g"},"content":{"rendered":"<h2>D\u00e9couvrez la pure bont\u00e9 des tranches de fraises lyophilis\u00e9es<\/h2>\n<p>Profitez du parfait \u00e9quilibre entre saveur, valeur nutritive et praticit\u00e9 avec nos tranches de fraises lyophilis\u00e9es. Chaque sachet de 50 g est con\u00e7u pour pr\u00e9server toute la saveur et les nutriments de fraises fra\u00eechement cueillies. Que vous cherchiez une collation sant\u00e9, un ajout \u00e0 votre d\u00e9jeuner ou un ingr\u00e9dient pour rehausser vos desserts, ces tranches de fraises offrent une qualit\u00e9 incomparable et un vrai plaisir \u00e0 chaque bouch\u00e9e.<\/p>\n<h2>Pourquoi choisir les tranches de fraises lyophilis\u00e9es?<\/h2>\n<p>Le proc\u00e9d\u00e9 de lyophilisation pr\u00e9serve la douceur naturelle, la couleur \u00e9clatante et les vitamines essentielles des fraises, tout en \u00e9liminant le besoin de sucre ajout\u00e9 ou de conservateurs. Notre sachet de 50 g offre une source concentr\u00e9e d\u2019antioxydants, de vitamine C et de fibres alimentaires, pour une g\u00e2terie sans culpabilit\u00e9 adapt\u00e9e \u00e0 tous les \u00e2ges. L\u00e9g\u00e8res et faciles \u00e0 transporter, ces tranches de fraises sont id\u00e9ales pour un mode de vie actif et vous simplifient la vie quand vous voulez manger sainement pendant vos journ\u00e9es charg\u00e9es.<\/p>\n<p>Leur croquant naturel et leur go\u00fbt fruit\u00e9 en font aussi un ingr\u00e9dient polyvalent pour les passionn\u00e9s de cuisine. Ajoutez\u2011les \u00e0 vos c\u00e9r\u00e9ales, m\u00e9langez\u2011les \u00e0 votre yogourt, superposez\u2011les dans vos smoothies ou incorporez\u2011les \u00e0 vos p\u00e2tisseries: les possibilit\u00e9s sont infinies!<\/p>\n<h2>Le meilleur choix de collation<\/h2>\n<p>Avec seulement 50 g par sachet, nos tranches de fraises lyophilis\u00e9es renferment une impressionnante dose de nutriments, sans le poids de l\u2019eau ni d\u2019ingr\u00e9dients de remplissage. Cela les rend plus faciles \u00e0 transporter, plus durables et vraiment satisfaisantes Profite en plus de la praticit\u00e9 d\u2019un sachet refermable qui garde toute la fra\u00eecheur, pour grignoter \u00e0 ton rythme tout en r\u00e9duisant le gaspillage alimentaire.<\/p>\n<p>Dis adieu aux mauvaises habitudes de grignotage gr\u00e2ce \u00e0 cette douceur naturellement sucr\u00e9e qui s\u2019int\u00e8gre \u00e0 tous les types d\u2019alimentation, du k\u00e9to et du v\u00e9gan au sans gluten et au pal\u00e9o. Ces tranches de fraises sont une alternative saine aux bonbons, croustilles et autres collations transform\u00e9es.<\/p>\n<h2>Un cadeau attentionn\u00e9 ou un indispensable du garde\u2011manger<\/h2>\n<p>Tu cherches une id\u00e9e cadeau qui a du sens ou un essentiel fiable pour ton garde\u2011manger? Ne cherche plus! Nos tranches de fraises lyophilis\u00e9es compl\u00e8tent \u00e0 merveille tout panier\u2011cadeau pour des proches qui appr\u00e9cient les options gourmandes et soucieuses de la sant\u00e9. Elles sont aussi offertes dans un emballage compact et longue conservation, id\u00e9al pour remplir ton garde\u2011manger de collations saines toute l\u2019ann\u00e9e.<\/p>\n<p>Offre\u2011toi une g\u00e2terie \u00e0 la fois pratique et nutritive, sans compromis sur la qualit\u00e9. Avec nos tranches de fraises lyophilis\u00e9es \u2013 50 g, tu d\u00e9couvres le go\u00fbt in\u00e9gal\u00e9 de la nature dans sa forme la plus pure. Fais passer tes collations au niveau sup\u00e9rieur d\u00e8s aujourd\u2019hui!<\/p>\n<p>\u2713 Sans sucre ajout\u00e9<br \/>\n\u2713 98% des nutriments pr\u00e9serv\u00e9s<br \/>\n\u2713 Sans gluten<br \/>\n\u2713 V\u00e9gan<br \/>\n\u2713 Sans OGM<br \/>\n\u2713 Fait au Canada<\/p>\n","protected":false},"excerpt":{"rendered":"<p>D\u00e9couvrez la pure bont\u00e9 des tranches de fraises lyophilis\u00e9es Profitez du parfait \u00e9quilibre entre saveur, valeur nutritive et praticit\u00e9 avec [&hellip;]<\/p>\n","protected":false},"featured_media":1072,"comment_status":"open","ping_status":"closed","template":"","meta":{"_uag_custom_page_level_css":"","site-sidebar-layout":"default","site-content-layout":"","ast-site-content-layout":"default","site-content-style":"default","site-sidebar-style":"default","ast-global-header-display":"","ast-banner-title-visibility":"","ast-main-header-display":"","ast-hfb-above-header-display":"","ast-hfb-below-header-display":"","ast-hfb-mobile-header-display":"","site-post-title":"","ast-breadcrumbs-content":"","ast-featured-img":"","footer-sml-layout":"","ast-disable-related-posts":"","theme-transparent-header-meta":"default","adv-header-id-meta":"","stick-header-meta":"","header-above-stick-meta":"","header-main-stick-meta":"","header-below-stick-meta":"","astra-migrate-meta-layouts":"default","ast-page-background-enabled":"default","ast-page-background-meta":{"desktop":{"background-color":"var(--ast-global-color-4)","background-image":"","background-repeat":"repeat","background-position":"center center","background-size":"auto","background-attachment":"scroll","background-type":"","background-media":"","overlay-type":"","overlay-color":"","overlay-opacity":"","overlay-gradient":""},"tablet":{"background-color":"","background-image":"","background-repeat":"repeat","background-position":"center center","background-size":"auto","background-attachment":"scroll","background-type":"","background-media":"","overlay-type":"","overlay-color":"","overlay-opacity":"","overlay-gradient":""},"mobile":{"background-color":"","background-image":"","background-repeat":"repeat","background-position":"center center","background-size":"auto","background-attachment":"scroll","background-type":"","background-media":"","overlay-type":"","overlay-color":"","overlay-opacity":"","overlay-gradient":""}},"ast-content-background-meta":{"desktop":{"background-color":"var(--ast-global-color-5)","background-image":"","background-repeat":"repeat","background-position":"center center","background-size":"auto","background-attachment":"scroll","background-type":"","background-media":"","overlay-type":"","overlay-color":"","overlay-opacity":"","overlay-gradient":""},"tablet":{"background-color":"var(--ast-global-color-5)","background-image":"","background-repeat":"repeat","background-position":"center center","background-size":"auto","background-attachment":"scroll","background-type":"","background-media":"","overlay-type":"","overlay-color":"","overlay-opacity":"","overlay-gradient":""},"mobile":{"background-color":"var(--ast-global-color-5)","background-image":"","background-repeat":"repeat","background-position":"center center","background-size":"auto","background-attachment":"scroll","background-type":"","background-media":"","overlay-type":"","overlay-color":"","overlay-opacity":"","overlay-gradient":""}},"wds_primary_product_brand":0,"wds_primary_product_cat":0},"product_brand":[],"product_cat":[66,67,65],"product_tag":[],"class_list":{"0":"post-757","1":"product","2":"type-product","3":"status-publish","4":"has-post-thumbnail","6":"product_cat-collations-familiales","7":"product_cat-collations-sante-canada","8":"product_cat-non-categorise","9":"product_shipping_class-petits-sachets","10":"desktop-align-center","11":"tablet-align-center","12":"mobile-align-center","14":"first","15":"instock","16":"sale","17":"shipping-taxable","18":"purchasable","19":"product-type-simple"},"uagb_featured_image_src":{"full":["https:\/\/crunchyorchard.com\/wp-content\/uploads\/2025\/08\/fraise1c.jpg",1132,1132,false],"thumbnail":["https:\/\/crunchyorchard.com\/wp-content\/uploads\/2025\/08\/fraise1c-150x150.jpg",150,150,true],"medium":["https:\/\/crunchyorchard.com\/wp-content\/uploads\/2025\/08\/fraise1c-300x300.jpg",300,300,true],"medium_large":["https:\/\/crunchyorchard.com\/wp-content\/uploads\/2025\/08\/fraise1c-768x768.jpg",768,768,true],"large":["https:\/\/crunchyorchard.com\/wp-content\/uploads\/2025\/08\/fraise1c-1024x1024.jpg",1024,1024,true],"1536x1536":["https:\/\/crunchyorchard.com\/wp-content\/uploads\/2025\/08\/fraise1c.jpg",1132,1132,false],"2048x2048":["https:\/\/crunchyorchard.com\/wp-content\/uploads\/2025\/08\/fraise1c.jpg",1132,1132,false],"woocommerce_thumbnail":["https:\/\/crunchyorchard.com\/wp-content\/uploads\/2025\/08\/fraise1c-300x300.jpg",300,300,true],"woocommerce_single":["https:\/\/crunchyorchard.com\/wp-content\/uploads\/2025\/08\/fraise1c-600x600.jpg",600,600,true],"woocommerce_gallery_thumbnail":["https:\/\/crunchyorchard.com\/wp-content\/uploads\/2025\/08\/fraise1c-100x100.jpg",100,100,true]},"uagb_author_info":{"display_name":"Patrick Dupuis","author_link":"https:\/\/crunchyorchard.com\/fr\/author\/"},"uagb_comment_info":0,"uagb_excerpt":"D\u00e9couvrez la pure bont\u00e9 des tranches de fraises lyophilis\u00e9es Profitez du parfait \u00e9quilibre entre saveur, valeur nutritive et praticit\u00e9 avec [&hellip;]","_links":{"self":[{"href":"https:\/\/crunchyorchard.com\/fr\/wp-json\/wp\/v2\/product\/757","targetHints":{"allow":["GET"]}}],"collection":[{"href":"https:\/\/crunchyorchard.com\/fr\/wp-json\/wp\/v2\/product"}],"about":[{"href":"https:\/\/crunchyorchard.com\/fr\/wp-json\/wp\/v2\/types\/product"}],"replies":[{"embeddable":true,"href":"https:\/\/crunchyorchard.com\/fr\/wp-json\/wp\/v2\/comments?post=757"}],"wp:featuredmedia":[{"embeddable":true,"href":"https:\/\/crunchyorchard.com\/fr\/wp-json\/wp\/v2\/media\/1072"}],"wp:attachment":[{"href":"https:\/\/crunchyorchard.com\/fr\/wp-json\/wp\/v2\/media?parent=757"}],"wp:term":[{"taxonomy":"product_brand","embeddable":true,"href":"https:\/\/crunchyorchard.com\/fr\/wp-json\/wp\/v2\/product_brand?post=757"},{"taxonomy":"product_cat","embeddable":true,"href":"https:\/\/crunchyorchard.com\/fr\/wp-json\/wp\/v2\/product_cat?post=757"},{"taxonomy":"product_tag","embeddable":true,"href":"https:\/\/crunchyorchard.com\/fr\/wp-json\/wp\/v2\/product_tag?post=757"}],"curies":[{"name":"wp","href":"https:\/\/api.w.org\/{rel}","templated":true}]}}