{"id":768,"date":"2025-08-21T04:33:45","date_gmt":"2025-08-21T04:33:45","guid":{"rendered":"https:\/\/crunchyorchard.com\/product\/morceaux-de-pommes-lyophilises-60-g\/"},"modified":"2025-08-21T04:33:45","modified_gmt":"2025-08-21T04:33:45","slug":"morceaux-de-pommes-lyophilises-60-g","status":"publish","type":"product","link":"https:\/\/crunchyorchard.com\/fr\/product\/morceaux-de-pommes-lyophilises-60-g\/","title":{"rendered":"Morceaux de pommes lyophilis\u00e9s \u2013 60 g"},"content":{"rendered":"<h2>Qualit\u00e9 sup\u00e9rieure pour les collations de tous les jours<\/h2>\n<p>Laissez\u2011vous tenter par la douceur pure et le croquant irr\u00e9sistible de nos morceaux de pommes lyophilis\u00e9s! Pr\u00e9par\u00e9es avec soin \u00e0 partir des meilleures pommes r\u00e9colt\u00e9es \u00e0 la main, ces bouch\u00e9es capturent toute l\u2019essence naturelle de fruits fra\u00eechement cueillis. Emball\u00e9es dans un sachet refermable pratique de 60 g, elles rendent la collation agr\u00e9able sans compromis sur la qualit\u00e9 ni la valeur nutritive.<\/p>\n<h2>Quand la nutrition rencontre la praticit\u00e9<\/h2>\n<p>Notre proc\u00e9d\u00e9 de lyophilisation pr\u00e9serve un maximum de nutriments, pour une collation compl\u00e8te riche en vitamines essentielles, en fibres et en antioxydants. C\u2019est un choix id\u00e9al pour les personnes soucieuses de leur sant\u00e9, les familles ou toute personne toujours en mouvement. Ces morceaux de pommes sont sans agents de conservation, sans sucres ajout\u00e9s ni ar\u00f4mes artificiels, pour savourer le pur go\u00fbt de la nature, partout et en tout temps.<\/p>\n<h2>Polyvalents et d\u00e9licieux<\/h2>\n<p>Vous cherchez un ajout polyvalent pour votre garde\u2011manger? Ces morceaux de pommes lyophilis\u00e9s sont parfaits pour une foule d\u2019utilisations. D\u00e9gustez\u2011les directement du sachet pour une collation rapide, ajoutez\u2011les \u00e0 vos m\u00e9langes du randonneur pour plus de saveur, ou incorporez\u2011les \u00e0 vos yogourts et salades pour une touche fruit\u00e9e. Ils constituent aussi un excellent ingr\u00e9dient de p\u00e2tisserie, rehaussant vos recettes pr\u00e9f\u00e9r\u00e9es gr\u00e2ce \u00e0 leur texture satisfaisante et leur riche saveur de pomme.<\/p>\n<p>D\u00e9couvrez le parfait \u00e9quilibre entre simplicit\u00e9 et gourmandise avec nos morceaux de pommes lyophilis\u00e9s \u2013 une collation aussi bonne pour vos envies que pour votre mode de vie.<\/p>\n<p>\u2713 Sans sucre ajout\u00e9<br \/>\n\u2713 98% des nutriments pr\u00e9serv\u00e9s<br \/>\n\u2713 Sans gluten<br \/>\n\u2713 V\u00e9gan<br \/>\n\u2713 Sans OGM<br \/>\n\u2713 Fait au Canada<\/p>\n","protected":false},"excerpt":{"rendered":"<p>Qualit\u00e9 sup\u00e9rieure pour les collations de tous les jours Laissez\u2011vous tenter par la douceur pure et le croquant irr\u00e9sistible de [&hellip;]<\/p>\n","protected":false},"featured_media":1068,"comment_status":"open","ping_status":"closed","template":"","meta":{"_uag_custom_page_level_css":"","site-sidebar-layout":"default","site-content-layout":"","ast-site-content-layout":"default","site-content-style":"default","site-sidebar-style":"default","ast-global-header-display":"","ast-banner-title-visibility":"","ast-main-header-display":"","ast-hfb-above-header-display":"","ast-hfb-below-header-display":"","ast-hfb-mobile-header-display":"","site-post-title":"","ast-breadcrumbs-content":"","ast-featured-img":"","footer-sml-layout":"","ast-disable-related-posts":"","theme-transparent-header-meta":"default","adv-header-id-meta":"","stick-header-meta":"","header-above-stick-meta":"","header-main-stick-meta":"","header-below-stick-meta":"","astra-migrate-meta-layouts":"default","ast-page-background-enabled":"default","ast-page-background-meta":{"desktop":{"background-color":"var(--ast-global-color-4)","background-image":"","background-repeat":"repeat","background-position":"center center","background-size":"auto","background-attachment":"scroll","background-type":"","background-media":"","overlay-type":"","overlay-color":"","overlay-opacity":"","overlay-gradient":""},"tablet":{"background-color":"","background-image":"","background-repeat":"repeat","background-position":"center center","background-size":"auto","background-attachment":"scroll","background-type":"","background-media":"","overlay-type":"","overlay-color":"","overlay-opacity":"","overlay-gradient":""},"mobile":{"background-color":"","background-image":"","background-repeat":"repeat","background-position":"center center","background-size":"auto","background-attachment":"scroll","background-type":"","background-media":"","overlay-type":"","overlay-color":"","overlay-opacity":"","overlay-gradient":""}},"ast-content-background-meta":{"desktop":{"background-color":"var(--ast-global-color-5)","background-image":"","background-repeat":"repeat","background-position":"center center","background-size":"auto","background-attachment":"scroll","background-type":"","background-media":"","overlay-type":"","overlay-color":"","overlay-opacity":"","overlay-gradient":""},"tablet":{"background-color":"var(--ast-global-color-5)","background-image":"","background-repeat":"repeat","background-position":"center center","background-size":"auto","background-attachment":"scroll","background-type":"","background-media":"","overlay-type":"","overlay-color":"","overlay-opacity":"","overlay-gradient":""},"mobile":{"background-color":"var(--ast-global-color-5)","background-image":"","background-repeat":"repeat","background-position":"center center","background-size":"auto","background-attachment":"scroll","background-type":"","background-media":"","overlay-type":"","overlay-color":"","overlay-opacity":"","overlay-gradient":""}},"wds_primary_product_brand":0,"wds_primary_product_cat":0},"product_brand":[],"product_cat":[66,67,65],"product_tag":[],"class_list":{"0":"post-768","1":"product","2":"type-product","3":"status-publish","4":"has-post-thumbnail","6":"product_cat-collations-familiales","7":"product_cat-collations-sante-canada","8":"product_cat-non-categorise","9":"product_shipping_class-petits-sachets","10":"desktop-align-center","11":"tablet-align-center","12":"mobile-align-center","14":"first","15":"instock","16":"sale","17":"shipping-taxable","18":"purchasable","19":"product-type-simple"},"uagb_featured_image_src":{"full":["https:\/\/crunchyorchard.com\/wp-content\/uploads\/2025\/08\/pomme1c.jpg",1500,1500,false],"thumbnail":["https:\/\/crunchyorchard.com\/wp-content\/uploads\/2025\/08\/pomme1c-150x150.jpg",150,150,true],"medium":["https:\/\/crunchyorchard.com\/wp-content\/uploads\/2025\/08\/pomme1c-300x300.jpg",300,300,true],"medium_large":["https:\/\/crunchyorchard.com\/wp-content\/uploads\/2025\/08\/pomme1c-768x768.jpg",768,768,true],"large":["https:\/\/crunchyorchard.com\/wp-content\/uploads\/2025\/08\/pomme1c-1024x1024.jpg",1024,1024,true],"1536x1536":["https:\/\/crunchyorchard.com\/wp-content\/uploads\/2025\/08\/pomme1c.jpg",1500,1500,false],"2048x2048":["https:\/\/crunchyorchard.com\/wp-content\/uploads\/2025\/08\/pomme1c.jpg",1500,1500,false],"woocommerce_thumbnail":["https:\/\/crunchyorchard.com\/wp-content\/uploads\/2025\/08\/pomme1c-300x300.jpg",300,300,true],"woocommerce_single":["https:\/\/crunchyorchard.com\/wp-content\/uploads\/2025\/08\/pomme1c-600x600.jpg",600,600,true],"woocommerce_gallery_thumbnail":["https:\/\/crunchyorchard.com\/wp-content\/uploads\/2025\/08\/pomme1c-100x100.jpg",100,100,true]},"uagb_author_info":{"display_name":"Patrick Dupuis","author_link":"https:\/\/crunchyorchard.com\/fr\/author\/"},"uagb_comment_info":0,"uagb_excerpt":"Qualit\u00e9 sup\u00e9rieure pour les collations de tous les jours Laissez\u2011vous tenter par la douceur pure et le croquant irr\u00e9sistible de [&hellip;]","_links":{"self":[{"href":"https:\/\/crunchyorchard.com\/fr\/wp-json\/wp\/v2\/product\/768","targetHints":{"allow":["GET"]}}],"collection":[{"href":"https:\/\/crunchyorchard.com\/fr\/wp-json\/wp\/v2\/product"}],"about":[{"href":"https:\/\/crunchyorchard.com\/fr\/wp-json\/wp\/v2\/types\/product"}],"replies":[{"embeddable":true,"href":"https:\/\/crunchyorchard.com\/fr\/wp-json\/wp\/v2\/comments?post=768"}],"wp:featuredmedia":[{"embeddable":true,"href":"https:\/\/crunchyorchard.com\/fr\/wp-json\/wp\/v2\/media\/1068"}],"wp:attachment":[{"href":"https:\/\/crunchyorchard.com\/fr\/wp-json\/wp\/v2\/media?parent=768"}],"wp:term":[{"taxonomy":"product_brand","embeddable":true,"href":"https:\/\/crunchyorchard.com\/fr\/wp-json\/wp\/v2\/product_brand?post=768"},{"taxonomy":"product_cat","embeddable":true,"href":"https:\/\/crunchyorchard.com\/fr\/wp-json\/wp\/v2\/product_cat?post=768"},{"taxonomy":"product_tag","embeddable":true,"href":"https:\/\/crunchyorchard.com\/fr\/wp-json\/wp\/v2\/product_tag?post=768"}],"curies":[{"name":"wp","href":"https:\/\/api.w.org\/{rel}","templated":true}]}}