{"id":771,"date":"2025-08-21T04:32:03","date_gmt":"2025-08-21T04:32:03","guid":{"rendered":"https:\/\/crunchyorchard.com\/product\/tranches-de-mangue-lyophilisees-75-g\/"},"modified":"2025-08-21T04:32:03","modified_gmt":"2025-08-21T04:32:03","slug":"tranches-de-mangue-lyophilisees-75-g","status":"publish","type":"product","link":"https:\/\/crunchyorchard.com\/fr\/product\/tranches-de-mangue-lyophilisees-75-g\/","title":{"rendered":"Tranches de mangue lyophilis\u00e9es \u2013 75 g"},"content":{"rendered":"<h2>D\u00e9couvrez la pure essence de la mangue<\/h2>\n<p>Laissez\u2011vous s\u00e9duire par les saveurs sucr\u00e9es et l\u00e9g\u00e8rement acidul\u00e9es de mangues parfaitement m\u00fbres avec nos tranches de mangue lyophilis\u00e9es \u2013 75 g. Con\u00e7ue pour offrir une explosion de bont\u00e9 tropicale, cette collation est id\u00e9ale pour quiconque recherche une g\u00e2terie \u00e0 la fois saine et d\u00e9licieuse. Sans sucres ajout\u00e9s, sans ar\u00f4mes artificiels ni agents de conservation, ces tranches de mangue conservent toute leur douceur naturelle et leurs bienfaits nutritifs, pour une collation quotidienne sans culpabilit\u00e9.<\/p>\n<h2>Quand la praticit\u00e9 imbattable rencontre la qualit\u00e9 sup\u00e9rieure<\/h2>\n<p>Notre proc\u00e9d\u00e9 de lyophilisation pr\u00e9serve le go\u00fbt, la texture et la valeur nutritive des mangues fra\u00eeches, tandis que l\u2019emballage l\u00e9ger et compact vous permet d\u2019en profiter partout, en tout temps. Que vous soyez \u00e0 la maison, au travail ou en pleine aventure ext\u00e9rieure, ces tranches de mangue offrent une fa\u00e7on pratique, sans d\u00e9g\u00e2t, de combler vos envies de sucr\u00e9.<\/p>\n<p>Et gr\u00e2ce au sachet refermable, vous n\u2019avez jamais \u00e0 vous inqui\u00e9ter de perdre en fra\u00eecheur. Refermez simplement le sachet et gardez\u2011en pour plus tard. Une collation sant\u00e9 repens\u00e9e pour les modes de vie modernes!<\/p>\n<h2>Nutritives et polyvalentes<\/h2>\n<p>Les tranches de mangue lyophilis\u00e9es ne sont pas seulement savoureuses; elles sont aussi riches en nutriments essentiels comme les vitamines A et C, qui contribuent au soutien du syst\u00e8me immunitaire et \u00e0 la sant\u00e9 de la peau. Que vous les d\u00e9gustiez directement du sachet, que vous les ajoutiez \u00e0 vos c\u00e9r\u00e9ales ou \u00e0 votre yogourt, ou que vous les utilisiez en p\u00e2tisserie, ces tranches de mangue apportent une d\u00e9licieuse touche tropicale \u00e0 vos repas et collations.<\/p>\n<p>Parfaites pour ceux qui appr\u00e9cient une nutrition pratique, ces tranches de mangue sont un excellent ajout \u00e0 votre garde\u2011manger, offrant \u00e0 chaque bouch\u00e9e \u00e0 la fois un go\u00fbt remarquable et des bienfaits pour la sant\u00e9.<\/p>\n<p>\u2713 Sans sucre ajout\u00e9<br \/>\n\u2713 98% des nutriments pr\u00e9serv\u00e9s<br \/>\n\u2713 Sans gluten<br \/>\n\u2713 V\u00e9gan<br \/>\n\u2713 Sans OGM<br \/>\n\u2713 Fait au Canada<\/p>\n","protected":false},"excerpt":{"rendered":"<p>D\u00e9couvrez la pure essence de la mangue Laissez\u2011vous s\u00e9duire par les saveurs sucr\u00e9es et l\u00e9g\u00e8rement acidul\u00e9es de mangues parfaitement m\u00fbres [&hellip;]<\/p>\n","protected":false},"featured_media":1070,"comment_status":"open","ping_status":"closed","template":"","meta":{"_uag_custom_page_level_css":"","site-sidebar-layout":"default","site-content-layout":"","ast-site-content-layout":"default","site-content-style":"default","site-sidebar-style":"default","ast-global-header-display":"","ast-banner-title-visibility":"","ast-main-header-display":"","ast-hfb-above-header-display":"","ast-hfb-below-header-display":"","ast-hfb-mobile-header-display":"","site-post-title":"","ast-breadcrumbs-content":"","ast-featured-img":"","footer-sml-layout":"","ast-disable-related-posts":"","theme-transparent-header-meta":"default","adv-header-id-meta":"","stick-header-meta":"","header-above-stick-meta":"","header-main-stick-meta":"","header-below-stick-meta":"","astra-migrate-meta-layouts":"default","ast-page-background-enabled":"default","ast-page-background-meta":{"desktop":{"background-color":"var(--ast-global-color-4)","background-image":"","background-repeat":"repeat","background-position":"center center","background-size":"auto","background-attachment":"scroll","background-type":"","background-media":"","overlay-type":"","overlay-color":"","overlay-opacity":"","overlay-gradient":""},"tablet":{"background-color":"","background-image":"","background-repeat":"repeat","background-position":"center center","background-size":"auto","background-attachment":"scroll","background-type":"","background-media":"","overlay-type":"","overlay-color":"","overlay-opacity":"","overlay-gradient":""},"mobile":{"background-color":"","background-image":"","background-repeat":"repeat","background-position":"center center","background-size":"auto","background-attachment":"scroll","background-type":"","background-media":"","overlay-type":"","overlay-color":"","overlay-opacity":"","overlay-gradient":""}},"ast-content-background-meta":{"desktop":{"background-color":"var(--ast-global-color-5)","background-image":"","background-repeat":"repeat","background-position":"center center","background-size":"auto","background-attachment":"scroll","background-type":"","background-media":"","overlay-type":"","overlay-color":"","overlay-opacity":"","overlay-gradient":""},"tablet":{"background-color":"var(--ast-global-color-5)","background-image":"","background-repeat":"repeat","background-position":"center center","background-size":"auto","background-attachment":"scroll","background-type":"","background-media":"","overlay-type":"","overlay-color":"","overlay-opacity":"","overlay-gradient":""},"mobile":{"background-color":"var(--ast-global-color-5)","background-image":"","background-repeat":"repeat","background-position":"center center","background-size":"auto","background-attachment":"scroll","background-type":"","background-media":"","overlay-type":"","overlay-color":"","overlay-opacity":"","overlay-gradient":""}},"wds_primary_product_brand":0,"wds_primary_product_cat":0},"product_brand":[],"product_cat":[66,67,65],"product_tag":[],"class_list":{"0":"post-771","1":"product","2":"type-product","3":"status-publish","4":"has-post-thumbnail","6":"product_cat-collations-familiales","7":"product_cat-collations-sante-canada","8":"product_cat-non-categorise","9":"product_shipping_class-petits-sachets","10":"desktop-align-center","11":"tablet-align-center","12":"mobile-align-center","14":"first","15":"instock","16":"sale","17":"shipping-taxable","18":"purchasable","19":"product-type-simple"},"uagb_featured_image_src":{"full":["https:\/\/crunchyorchard.com\/wp-content\/uploads\/2025\/08\/mangue1c.jpg",1500,1500,false],"thumbnail":["https:\/\/crunchyorchard.com\/wp-content\/uploads\/2025\/08\/mangue1c-150x150.jpg",150,150,true],"medium":["https:\/\/crunchyorchard.com\/wp-content\/uploads\/2025\/08\/mangue1c-300x300.jpg",300,300,true],"medium_large":["https:\/\/crunchyorchard.com\/wp-content\/uploads\/2025\/08\/mangue1c-768x768.jpg",768,768,true],"large":["https:\/\/crunchyorchard.com\/wp-content\/uploads\/2025\/08\/mangue1c-1024x1024.jpg",1024,1024,true],"1536x1536":["https:\/\/crunchyorchard.com\/wp-content\/uploads\/2025\/08\/mangue1c.jpg",1500,1500,false],"2048x2048":["https:\/\/crunchyorchard.com\/wp-content\/uploads\/2025\/08\/mangue1c.jpg",1500,1500,false],"woocommerce_thumbnail":["https:\/\/crunchyorchard.com\/wp-content\/uploads\/2025\/08\/mangue1c-300x300.jpg",300,300,true],"woocommerce_single":["https:\/\/crunchyorchard.com\/wp-content\/uploads\/2025\/08\/mangue1c-600x600.jpg",600,600,true],"woocommerce_gallery_thumbnail":["https:\/\/crunchyorchard.com\/wp-content\/uploads\/2025\/08\/mangue1c-100x100.jpg",100,100,true]},"uagb_author_info":{"display_name":"Patrick Dupuis","author_link":"https:\/\/crunchyorchard.com\/fr\/author\/"},"uagb_comment_info":0,"uagb_excerpt":"D\u00e9couvrez la pure essence de la mangue Laissez\u2011vous s\u00e9duire par les saveurs sucr\u00e9es et l\u00e9g\u00e8rement acidul\u00e9es de mangues parfaitement m\u00fbres [&hellip;]","_links":{"self":[{"href":"https:\/\/crunchyorchard.com\/fr\/wp-json\/wp\/v2\/product\/771","targetHints":{"allow":["GET"]}}],"collection":[{"href":"https:\/\/crunchyorchard.com\/fr\/wp-json\/wp\/v2\/product"}],"about":[{"href":"https:\/\/crunchyorchard.com\/fr\/wp-json\/wp\/v2\/types\/product"}],"replies":[{"embeddable":true,"href":"https:\/\/crunchyorchard.com\/fr\/wp-json\/wp\/v2\/comments?post=771"}],"wp:featuredmedia":[{"embeddable":true,"href":"https:\/\/crunchyorchard.com\/fr\/wp-json\/wp\/v2\/media\/1070"}],"wp:attachment":[{"href":"https:\/\/crunchyorchard.com\/fr\/wp-json\/wp\/v2\/media?parent=771"}],"wp:term":[{"taxonomy":"product_brand","embeddable":true,"href":"https:\/\/crunchyorchard.com\/fr\/wp-json\/wp\/v2\/product_brand?post=771"},{"taxonomy":"product_cat","embeddable":true,"href":"https:\/\/crunchyorchard.com\/fr\/wp-json\/wp\/v2\/product_cat?post=771"},{"taxonomy":"product_tag","embeddable":true,"href":"https:\/\/crunchyorchard.com\/fr\/wp-json\/wp\/v2\/product_tag?post=771"}],"curies":[{"name":"wp","href":"https:\/\/api.w.org\/{rel}","templated":true}]}}