{"id":774,"date":"2025-08-21T04:26:06","date_gmt":"2025-08-21T04:26:06","guid":{"rendered":"https:\/\/crunchyorchard.com\/product\/bleuets-entiers-lyophilises-90-g\/"},"modified":"2025-08-21T04:26:06","modified_gmt":"2025-08-21T04:26:06","slug":"bleuets-entiers-lyophilises-90-g","status":"publish","type":"product","link":"https:\/\/crunchyorchard.com\/fr\/product\/bleuets-entiers-lyophilises-90-g\/","title":{"rendered":"Bleuets entiers lyophilis\u00e9s \u2013 90 g"},"content":{"rendered":"<p>D\u00e9couvrez le parfait m\u00e9lange de praticit\u00e9, de valeur nutritive et de douceur naturelle avec nos bleuets entiers lyophilis\u00e9s \u2013 90 g. Cette d\u00e9licieuse collation pr\u00e9serve toute la saveur et tous les bienfaits des bleuets frais, ce qui en fait un choix id\u00e9al pour quiconque recherche une g\u00e2terie saine et polyvalente.<\/p>\n<h2>Riche en nutriments et en antioxydants<\/h2>\n<p>Nos bleuets entiers lyophilis\u00e9s conservent leurs vitamines, min\u00e9raux et antioxydants essentiels gr\u00e2ce \u00e0 un proc\u00e9d\u00e9 de lyophilisation de pointe. Les bleuets sont reconnus comme un superaliment, riches en vitamine C, en vitamine K et en mangan\u00e8se, ainsi qu\u2019en fortes teneurs d\u2019antioxydants qui favorisent le bien\u2011\u00eatre g\u00e9n\u00e9ral. Profitez des m\u00eames bienfaits que les petits fruits frais, avec en plus une dur\u00e9e de conservation prolong\u00e9e et une grande facilit\u00e9 de transport.<\/p>\n<h2>Parfaits pour grignoter, cuisiner et bien plus<\/h2>\n<p>Ces bleuets lyophilis\u00e9s sont incroyablement polyvalents. Que vous cherchiez une collation \u00e9nergisante, un ingr\u00e9dient pour rehausser vos smoothies ou une garniture pour votre gruau ou vos c\u00e9r\u00e9ales du matin, nos bleuets lyophilis\u00e9s offrent une saveur et une texture incomparables. Ils sont aussi un ajout fantastique \u00e0 vos recettes de p\u00e2tisserie, des muffins et cr\u00eapes aux biscuits et g\u00e2teaux, en apportant une explosion de douceur naturelle et de couleur.<\/p>\n<h2>Pourquoi choisir les bleuets lyophilis\u00e9s?<\/h2>\n<p>Le proc\u00e9d\u00e9 de lyophilisation soigneusement contr\u00f4l\u00e9 retire l\u2019eau tout en pr\u00e9servant la forme, le go\u00fbt et le profil nutritionnel du fruit. Cela rend nos bleuets tr\u00e8s stables \u00e0 l\u2019entreposage, l\u00e9gers et faciles \u00e0 stocker. En plus, ils ne contiennent aucun agent de conservation, colorant ou sucre ajout\u00e9: seulement des bleuets entiers 100% naturels. C\u2019est une g\u00e2terie sans culpabilit\u00e9 dont vous pouvez profiter partout, en tout temps.<\/p>\n<p>Que vous meniez une vie bien remplie, que vous planifiiez des aventures en plein air ou que vous aimiez simplement le go\u00fbt vif des bleuets, nos bleuets entiers lyophilis\u00e9s \u2013 90 g sont votre option de pr\u00e9dilection.Whether you&rsquo;re leading a busy lifestyle, planning outdoor adventures, or simply love the vibrant taste of blueberries, our Freeze-Dried Whole Blueberries \u2013 90g is your go-to option. Laissez\u2011vous charmer d\u00e8s aujourd\u2019hui par la simplicit\u00e9, la praticit\u00e9 et la valeur nutritive de ce produit de qualit\u00e9 sup\u00e9rieure!<\/p>\n<p>\u2713 Sans sucre ajout\u00e9<br \/>\n\u2713 98% des nutriments pr\u00e9serv\u00e9s<br \/>\n\u2713 Sans gluten<br \/>\n\u2713 V\u00e9gan<br \/>\n\u2713 Sans OGM<br \/>\n\u2713 Fait au Canada<\/p>\n","protected":false},"excerpt":{"rendered":"<p>D\u00e9couvrez le parfait m\u00e9lange de praticit\u00e9, de valeur nutritive et de douceur naturelle avec nos bleuets entiers lyophilis\u00e9s \u2013 90 [&hellip;]<\/p>\n","protected":false},"featured_media":1077,"comment_status":"open","ping_status":"closed","template":"","meta":{"_uag_custom_page_level_css":"","site-sidebar-layout":"default","site-content-layout":"","ast-site-content-layout":"default","site-content-style":"default","site-sidebar-style":"default","ast-global-header-display":"","ast-banner-title-visibility":"","ast-main-header-display":"","ast-hfb-above-header-display":"","ast-hfb-below-header-display":"","ast-hfb-mobile-header-display":"","site-post-title":"","ast-breadcrumbs-content":"","ast-featured-img":"","footer-sml-layout":"","ast-disable-related-posts":"","theme-transparent-header-meta":"default","adv-header-id-meta":"","stick-header-meta":"","header-above-stick-meta":"","header-main-stick-meta":"","header-below-stick-meta":"","astra-migrate-meta-layouts":"default","ast-page-background-enabled":"default","ast-page-background-meta":{"desktop":{"background-color":"var(--ast-global-color-4)","background-image":"","background-repeat":"repeat","background-position":"center center","background-size":"auto","background-attachment":"scroll","background-type":"","background-media":"","overlay-type":"","overlay-color":"","overlay-opacity":"","overlay-gradient":""},"tablet":{"background-color":"","background-image":"","background-repeat":"repeat","background-position":"center center","background-size":"auto","background-attachment":"scroll","background-type":"","background-media":"","overlay-type":"","overlay-color":"","overlay-opacity":"","overlay-gradient":""},"mobile":{"background-color":"","background-image":"","background-repeat":"repeat","background-position":"center center","background-size":"auto","background-attachment":"scroll","background-type":"","background-media":"","overlay-type":"","overlay-color":"","overlay-opacity":"","overlay-gradient":""}},"ast-content-background-meta":{"desktop":{"background-color":"var(--ast-global-color-5)","background-image":"","background-repeat":"repeat","background-position":"center center","background-size":"auto","background-attachment":"scroll","background-type":"","background-media":"","overlay-type":"","overlay-color":"","overlay-opacity":"","overlay-gradient":""},"tablet":{"background-color":"var(--ast-global-color-5)","background-image":"","background-repeat":"repeat","background-position":"center center","background-size":"auto","background-attachment":"scroll","background-type":"","background-media":"","overlay-type":"","overlay-color":"","overlay-opacity":"","overlay-gradient":""},"mobile":{"background-color":"var(--ast-global-color-5)","background-image":"","background-repeat":"repeat","background-position":"center center","background-size":"auto","background-attachment":"scroll","background-type":"","background-media":"","overlay-type":"","overlay-color":"","overlay-opacity":"","overlay-gradient":""}},"wds_primary_product_brand":0,"wds_primary_product_cat":0},"product_brand":[],"product_cat":[66,67,65],"product_tag":[],"class_list":{"0":"post-774","1":"product","2":"type-product","3":"status-publish","4":"has-post-thumbnail","6":"product_cat-collations-familiales","7":"product_cat-collations-sante-canada","8":"product_cat-non-categorise","9":"product_shipping_class-petits-sachets","10":"desktop-align-center","11":"tablet-align-center","12":"mobile-align-center","14":"first","15":"instock","16":"sale","17":"shipping-taxable","18":"purchasable","19":"product-type-simple"},"uagb_featured_image_src":{"full":["https:\/\/crunchyorchard.com\/wp-content\/uploads\/2025\/08\/bleuet1c.jpg",1500,1500,false],"thumbnail":["https:\/\/crunchyorchard.com\/wp-content\/uploads\/2025\/08\/bleuet1c-150x150.jpg",150,150,true],"medium":["https:\/\/crunchyorchard.com\/wp-content\/uploads\/2025\/08\/bleuet1c-300x300.jpg",300,300,true],"medium_large":["https:\/\/crunchyorchard.com\/wp-content\/uploads\/2025\/08\/bleuet1c-768x768.jpg",768,768,true],"large":["https:\/\/crunchyorchard.com\/wp-content\/uploads\/2025\/08\/bleuet1c-1024x1024.jpg",1024,1024,true],"1536x1536":["https:\/\/crunchyorchard.com\/wp-content\/uploads\/2025\/08\/bleuet1c.jpg",1500,1500,false],"2048x2048":["https:\/\/crunchyorchard.com\/wp-content\/uploads\/2025\/08\/bleuet1c.jpg",1500,1500,false],"woocommerce_thumbnail":["https:\/\/crunchyorchard.com\/wp-content\/uploads\/2025\/08\/bleuet1c-300x300.jpg",300,300,true],"woocommerce_single":["https:\/\/crunchyorchard.com\/wp-content\/uploads\/2025\/08\/bleuet1c-600x600.jpg",600,600,true],"woocommerce_gallery_thumbnail":["https:\/\/crunchyorchard.com\/wp-content\/uploads\/2025\/08\/bleuet1c-100x100.jpg",100,100,true]},"uagb_author_info":{"display_name":"Patrick Dupuis","author_link":"https:\/\/crunchyorchard.com\/fr\/author\/"},"uagb_comment_info":0,"uagb_excerpt":"D\u00e9couvrez le parfait m\u00e9lange de praticit\u00e9, de valeur nutritive et de douceur naturelle avec nos bleuets entiers lyophilis\u00e9s \u2013 90 [&hellip;]","_links":{"self":[{"href":"https:\/\/crunchyorchard.com\/fr\/wp-json\/wp\/v2\/product\/774","targetHints":{"allow":["GET"]}}],"collection":[{"href":"https:\/\/crunchyorchard.com\/fr\/wp-json\/wp\/v2\/product"}],"about":[{"href":"https:\/\/crunchyorchard.com\/fr\/wp-json\/wp\/v2\/types\/product"}],"replies":[{"embeddable":true,"href":"https:\/\/crunchyorchard.com\/fr\/wp-json\/wp\/v2\/comments?post=774"}],"wp:featuredmedia":[{"embeddable":true,"href":"https:\/\/crunchyorchard.com\/fr\/wp-json\/wp\/v2\/media\/1077"}],"wp:attachment":[{"href":"https:\/\/crunchyorchard.com\/fr\/wp-json\/wp\/v2\/media?parent=774"}],"wp:term":[{"taxonomy":"product_brand","embeddable":true,"href":"https:\/\/crunchyorchard.com\/fr\/wp-json\/wp\/v2\/product_brand?post=774"},{"taxonomy":"product_cat","embeddable":true,"href":"https:\/\/crunchyorchard.com\/fr\/wp-json\/wp\/v2\/product_cat?post=774"},{"taxonomy":"product_tag","embeddable":true,"href":"https:\/\/crunchyorchard.com\/fr\/wp-json\/wp\/v2\/product_tag?post=774"}],"curies":[{"name":"wp","href":"https:\/\/api.w.org\/{rel}","templated":true}]}}