{"id":777,"date":"2025-08-21T04:28:32","date_gmt":"2025-08-21T04:28:32","guid":{"rendered":"https:\/\/crunchyorchard.com\/product\/framboises-entieres-lyophilisees-60-g\/"},"modified":"2025-08-21T04:28:32","modified_gmt":"2025-08-21T04:28:32","slug":"framboises-entieres-lyophilisees-60-g","status":"publish","type":"product","link":"https:\/\/crunchyorchard.com\/fr\/product\/framboises-entieres-lyophilisees-60-g\/","title":{"rendered":"Framboises enti\u00e8res lyophilis\u00e9es \u2013 60 g"},"content":{"rendered":"<h2>La pure bont\u00e9 de la framboise \u00e0 chaque bouch\u00e9e<\/h2>\n<p>D\u00e9couvrez le go\u00fbt \u00e9clatant et l\u2019essence naturelle de nos framboises enti\u00e8res lyophilis\u00e9es \u2013 60 g. Parfaitement pr\u00e9serv\u00e9es pour conserver leur riche saveur et leurs bienfaits nutritifs, ces framboises sont une g\u00e2terie sans culpabilit\u00e9. Que vous les ajoutiez \u00e0 vos recettes pr\u00e9f\u00e9r\u00e9es ou les d\u00e9gustiez en collation rapide, chaque bouch\u00e9e offre l\u2019exp\u00e9rience de fruits fra\u00eechement cueillis dont vous r\u00eaviez.<\/p>\n<h2>Polyvalentes, saines et pratiques<\/h2>\n<p>Notre proc\u00e9d\u00e9 de lyophilisation emprisonne tous les bienfaits et \u00e9limine l\u2019humidit\u00e9, ce qui rend ces framboises l\u00e9g\u00e8res et faciles \u00e0 entreposer, sans compromis sur le go\u00fbt ni la texture. Remplies d\u2019antioxydants, de vitamines et de fibres, elles sont id\u00e9ales pour un mode de vie sain. Utilisez\u2011les pour rehausser vos smoothies, enrichir vos c\u00e9r\u00e9ales ou cr\u00e9er des desserts spectaculaires qui impressionneront vos invit\u00e9s. Les possibilit\u00e9s sont infinies lorsque vous avez un sachet de ces petits fruits polyvalents dans votre garde\u2011manger.<\/p>\n<h2>Le compl\u00e9ment parfait \u00e0 votre routine quotidienne<\/h2>\n<p>\u00c0 60 grammes par sachet, nos framboises enti\u00e8res lyophilis\u00e9es offrent un format parfaitement pratique. Leur profil de saveur \u00e0 la fois acidul\u00e9 et sucr\u00e9 en fait une g\u00e2terie d\u00e9licieuse seules ou dans votre m\u00e9lange de collations pr\u00e9f\u00e9r\u00e9. Elles sont aussi une excellente fa\u00e7on d\u2019initier les enfants \u00e0 de meilleures habitudes alimentaires gr\u00e2ce \u00e0 une collation naturelle et irr\u00e9sistible.<\/p>\n<p>Faits de framboises 100% naturelles, sans sucre ajout\u00e9 ni agents de conservation, vous pouvez avoir confiance de consommer un produit d\u2019une puret\u00e9 exceptionnelle. Parfaites pour les voyageurs, les passionn\u00e9s de mise en forme ou toute personne \u00e0 la recherche d\u2019une collation nutritive qui s\u2019int\u00e8gre facilement \u00e0 un horaire charg\u00e9.<\/p>\n<p>D\u00e9couvrez la saveur, la praticit\u00e9 et les avantages d\u2019une lyophilisation de qualit\u00e9 sup\u00e9rieure \u2013 le tout rassembl\u00e9 dans un sachet refermable et facile \u00e0 emporter. Essayez nos framboises enti\u00e8res lyophilis\u00e9es d\u00e8s aujourd\u2019hui et red\u00e9finissez votre fa\u00e7on de grignoter!<\/p>\n<p>\u2713 Sans sucre ajout\u00e9<br \/>\n\u2713 98% des nutriments pr\u00e9serv\u00e9s<br \/>\n\u2713 Sans gluten<br \/>\n\u2713 V\u00e9gan<br \/>\n\u2713 Sans OGM<br \/>\n\u2713 Fait au Canada<\/p>\n","protected":false},"excerpt":{"rendered":"<p>La pure bont\u00e9 de la framboise \u00e0 chaque bouch\u00e9e D\u00e9couvrez le go\u00fbt \u00e9clatant et l\u2019essence naturelle de nos framboises enti\u00e8res [&hellip;]<\/p>\n","protected":false},"featured_media":1075,"comment_status":"open","ping_status":"closed","template":"","meta":{"_uag_custom_page_level_css":"","site-sidebar-layout":"default","site-content-layout":"","ast-site-content-layout":"default","site-content-style":"default","site-sidebar-style":"default","ast-global-header-display":"","ast-banner-title-visibility":"","ast-main-header-display":"","ast-hfb-above-header-display":"","ast-hfb-below-header-display":"","ast-hfb-mobile-header-display":"","site-post-title":"","ast-breadcrumbs-content":"","ast-featured-img":"","footer-sml-layout":"","ast-disable-related-posts":"","theme-transparent-header-meta":"default","adv-header-id-meta":"","stick-header-meta":"","header-above-stick-meta":"","header-main-stick-meta":"","header-below-stick-meta":"","astra-migrate-meta-layouts":"default","ast-page-background-enabled":"default","ast-page-background-meta":{"desktop":{"background-color":"var(--ast-global-color-4)","background-image":"","background-repeat":"repeat","background-position":"center center","background-size":"auto","background-attachment":"scroll","background-type":"","background-media":"","overlay-type":"","overlay-color":"","overlay-opacity":"","overlay-gradient":""},"tablet":{"background-color":"","background-image":"","background-repeat":"repeat","background-position":"center center","background-size":"auto","background-attachment":"scroll","background-type":"","background-media":"","overlay-type":"","overlay-color":"","overlay-opacity":"","overlay-gradient":""},"mobile":{"background-color":"","background-image":"","background-repeat":"repeat","background-position":"center center","background-size":"auto","background-attachment":"scroll","background-type":"","background-media":"","overlay-type":"","overlay-color":"","overlay-opacity":"","overlay-gradient":""}},"ast-content-background-meta":{"desktop":{"background-color":"var(--ast-global-color-5)","background-image":"","background-repeat":"repeat","background-position":"center center","background-size":"auto","background-attachment":"scroll","background-type":"","background-media":"","overlay-type":"","overlay-color":"","overlay-opacity":"","overlay-gradient":""},"tablet":{"background-color":"var(--ast-global-color-5)","background-image":"","background-repeat":"repeat","background-position":"center center","background-size":"auto","background-attachment":"scroll","background-type":"","background-media":"","overlay-type":"","overlay-color":"","overlay-opacity":"","overlay-gradient":""},"mobile":{"background-color":"var(--ast-global-color-5)","background-image":"","background-repeat":"repeat","background-position":"center center","background-size":"auto","background-attachment":"scroll","background-type":"","background-media":"","overlay-type":"","overlay-color":"","overlay-opacity":"","overlay-gradient":""}},"wds_primary_product_brand":0,"wds_primary_product_cat":0},"product_brand":[],"product_cat":[66,67,65],"product_tag":[],"class_list":{"0":"post-777","1":"product","2":"type-product","3":"status-publish","4":"has-post-thumbnail","6":"product_cat-collations-familiales","7":"product_cat-collations-sante-canada","8":"product_cat-non-categorise","9":"product_shipping_class-petits-sachets","10":"desktop-align-center","11":"tablet-align-center","12":"mobile-align-center","14":"first","15":"instock","16":"sale","17":"shipping-taxable","18":"purchasable","19":"product-type-simple"},"uagb_featured_image_src":{"full":["https:\/\/crunchyorchard.com\/wp-content\/uploads\/2025\/08\/framboise1c.jpg",1500,1500,false],"thumbnail":["https:\/\/crunchyorchard.com\/wp-content\/uploads\/2025\/08\/framboise1c-150x150.jpg",150,150,true],"medium":["https:\/\/crunchyorchard.com\/wp-content\/uploads\/2025\/08\/framboise1c-300x300.jpg",300,300,true],"medium_large":["https:\/\/crunchyorchard.com\/wp-content\/uploads\/2025\/08\/framboise1c-768x768.jpg",768,768,true],"large":["https:\/\/crunchyorchard.com\/wp-content\/uploads\/2025\/08\/framboise1c-1024x1024.jpg",1024,1024,true],"1536x1536":["https:\/\/crunchyorchard.com\/wp-content\/uploads\/2025\/08\/framboise1c.jpg",1500,1500,false],"2048x2048":["https:\/\/crunchyorchard.com\/wp-content\/uploads\/2025\/08\/framboise1c.jpg",1500,1500,false],"woocommerce_thumbnail":["https:\/\/crunchyorchard.com\/wp-content\/uploads\/2025\/08\/framboise1c-300x300.jpg",300,300,true],"woocommerce_single":["https:\/\/crunchyorchard.com\/wp-content\/uploads\/2025\/08\/framboise1c-600x600.jpg",600,600,true],"woocommerce_gallery_thumbnail":["https:\/\/crunchyorchard.com\/wp-content\/uploads\/2025\/08\/framboise1c-100x100.jpg",100,100,true]},"uagb_author_info":{"display_name":"Patrick Dupuis","author_link":"https:\/\/crunchyorchard.com\/fr\/author\/"},"uagb_comment_info":0,"uagb_excerpt":"La pure bont\u00e9 de la framboise \u00e0 chaque bouch\u00e9e D\u00e9couvrez le go\u00fbt \u00e9clatant et l\u2019essence naturelle de nos framboises enti\u00e8res [&hellip;]","_links":{"self":[{"href":"https:\/\/crunchyorchard.com\/fr\/wp-json\/wp\/v2\/product\/777","targetHints":{"allow":["GET"]}}],"collection":[{"href":"https:\/\/crunchyorchard.com\/fr\/wp-json\/wp\/v2\/product"}],"about":[{"href":"https:\/\/crunchyorchard.com\/fr\/wp-json\/wp\/v2\/types\/product"}],"replies":[{"embeddable":true,"href":"https:\/\/crunchyorchard.com\/fr\/wp-json\/wp\/v2\/comments?post=777"}],"wp:featuredmedia":[{"embeddable":true,"href":"https:\/\/crunchyorchard.com\/fr\/wp-json\/wp\/v2\/media\/1075"}],"wp:attachment":[{"href":"https:\/\/crunchyorchard.com\/fr\/wp-json\/wp\/v2\/media?parent=777"}],"wp:term":[{"taxonomy":"product_brand","embeddable":true,"href":"https:\/\/crunchyorchard.com\/fr\/wp-json\/wp\/v2\/product_brand?post=777"},{"taxonomy":"product_cat","embeddable":true,"href":"https:\/\/crunchyorchard.com\/fr\/wp-json\/wp\/v2\/product_cat?post=777"},{"taxonomy":"product_tag","embeddable":true,"href":"https:\/\/crunchyorchard.com\/fr\/wp-json\/wp\/v2\/product_tag?post=777"}],"curies":[{"name":"wp","href":"https:\/\/api.w.org\/{rel}","templated":true}]}}